{"id":1870,"date":"2022-11-17T19:18:18","date_gmt":"2022-11-17T19:18:18","guid":{"rendered":"https:\/\/isabeefmasters.com\/store\/?post_type=product&#038;p=1870"},"modified":"2024-12-04T00:03:46","modified_gmt":"2024-12-04T00:03:46","slug":"los-grandes-ganaderos-que-conoci","status":"publish","type":"product","link":"https:\/\/isabeefmasters.com\/store\/product\/los-grandes-ganaderos-que-conoci\/","title":{"rendered":"Los Grandes Ganaderos Que Conoc\u00ed"},"content":{"rendered":"","protected":false},"excerpt":{"rendered":"<p>por Laurence M. Lasater<br \/>\nTraducido por Sergio Riveron<\/p>\n<p>Nacido en el seno de dos grandes dinast\u00edas ganaderas, Laurence Lasater a penas pudo calzarse las botas vaqueras supo muy bien cu\u00e1l era du destino. Siendo el mayor de los hijos de Tom y Mary Lasater, fundadores de la raza Beefmaster, apenas pudo dejo el rancho familiar de Colorado y estableci\u00f3 su propia operaci\u00f3n ganadera Beefmaster en M\u00e9xico y m\u00e1s tarde en Texas.<\/p>\n<p>A lo largo de sus cincuenta a\u00f1os de carrera, Laurence Lasater viaj\u00f3 por muchos pa\u00edses, conoci\u00f3 a cientos de ganaderos, recorri\u00f3 sus ranchos y operaciones ganaderas y aprendi\u00f3 de sus historias particulares. Muchos de esos ganaderos hicieron significativos aportes a la industria ganadera mundial y dejaron una gran huella en la vida del propio Laurence.<\/p>\n<p>\u201cLos grandes ganaderos que conoc\u00ed\u201d son cr\u00f3nicas que develan los \u00e9xitos y desventuras de veinte de estos \u00edconos de la ganader\u00eda. A trav\u00e9s de fotos e historias colectadas a lo largo de su vida, este libro va a preservar un legado para que las generaciones futuras conozcan quienes fueron los ganaderos que recorrieron los mismos caminos que ellos recorreran.<\/p>\n<p><em>eBook\u201484 photos<\/em><\/p>\n","protected":false},"featured_media":1873,"comment_status":"open","ping_status":"closed","template":"","meta":[],"product_cat":[33],"product_tag":[],"yoast_head":"<!-- This site is optimized with the Yoast SEO plugin v17.8 - https:\/\/yoast.com\/wordpress\/plugins\/seo\/ -->\n<title>Los Grandes Ganaderos Que Conoc\u00ed - Isa Beefmasters<\/title>\n<meta name=\"robots\" content=\"index, follow, max-snippet:-1, max-image-preview:large, max-video-preview:-1\" \/>\n<link rel=\"canonical\" href=\"https:\/\/isabeefmasters.com\/store\/product\/los-grandes-ganaderos-que-conoci\/\" \/>\n<meta property=\"og:locale\" content=\"en_US\" \/>\n<meta property=\"og:type\" content=\"article\" \/>\n<meta property=\"og:title\" content=\"Los Grandes Ganaderos Que Conoc\u00ed - Isa Beefmasters\" \/>\n<meta property=\"og:description\" content=\"por Laurence M. Lasater Traducido por Sergio Riveron  Nacido en el seno de dos grandes dinast\u00edas ganaderas, Laurence Lasater a penas pudo calzarse las botas vaqueras supo muy bien cu\u00e1l era du destino. Siendo el mayor de los hijos de Tom y Mary Lasater, fundadores de la raza Beefmaster, apenas pudo dejo el rancho familiar de Colorado y estableci\u00f3 su propia operaci\u00f3n ganadera Beefmaster en M\u00e9xico y m\u00e1s tarde en Texas.  A lo largo de sus cincuenta a\u00f1os de carrera, Laurence Lasater viaj\u00f3 por muchos pa\u00edses, conoci\u00f3 a cientos de ganaderos, recorri\u00f3 sus ranchos y operaciones ganaderas y aprendi\u00f3 de sus historias particulares. Muchos de esos ganaderos hicieron significativos aportes a la industria ganadera mundial y dejaron una gran huella en la vida del propio Laurence.  \u201cLos grandes ganaderos que conoc\u00ed\u201d son cr\u00f3nicas que develan los \u00e9xitos y desventuras de veinte de estos \u00edconos de la ganader\u00eda. A trav\u00e9s de fotos e historias colectadas a lo largo de su vida, este libro va a preservar un legado para que las generaciones futuras conozcan quienes fueron los ganaderos que recorrieron los mismos caminos que ellos recorreran.  eBook\u201484 photos\" \/>\n<meta property=\"og:url\" content=\"https:\/\/isabeefmasters.com\/store\/product\/los-grandes-ganaderos-que-conoci\/\" \/>\n<meta property=\"og:site_name\" content=\"Isa Beefmasters\" \/>\n<meta property=\"article:modified_time\" content=\"2024-12-04T00:03:46+00:00\" \/>\n<meta property=\"og:image\" content=\"https:\/\/isabeefmasters.com\/store\/wp-content\/uploads\/2022\/11\/Ganaderos-687x1030.jpg\" \/>\n\t<meta property=\"og:image:width\" content=\"687\" \/>\n\t<meta property=\"og:image:height\" content=\"1030\" \/>\n<meta name=\"twitter:card\" content=\"summary_large_image\" \/>\n<script type=\"application\/ld+json\" class=\"yoast-schema-graph\">{\"@context\":\"https:\/\/schema.org\",\"@graph\":[{\"@type\":\"WebSite\",\"@id\":\"https:\/\/isabeefmasters.com\/store\/#website\",\"url\":\"https:\/\/isabeefmasters.com\/store\/\",\"name\":\"Isa Beefmasters\",\"description\":\"Promoting Beefmasters worldwide since 1964\",\"potentialAction\":[{\"@type\":\"SearchAction\",\"target\":{\"@type\":\"EntryPoint\",\"urlTemplate\":\"https:\/\/isabeefmasters.com\/store\/?s={search_term_string}\"},\"query-input\":\"required name=search_term_string\"}],\"inLanguage\":\"en-US\"},{\"@type\":\"ImageObject\",\"@id\":\"https:\/\/isabeefmasters.com\/store\/product\/los-grandes-ganaderos-que-conoci\/#primaryimage\",\"inLanguage\":\"en-US\",\"url\":\"https:\/\/isabeefmasters.com\/store\/wp-content\/uploads\/2022\/11\/Ganaderos-scaled.jpg\",\"contentUrl\":\"https:\/\/isabeefmasters.com\/store\/wp-content\/uploads\/2022\/11\/Ganaderos-scaled.jpg\",\"width\":1707,\"height\":2560,\"caption\":\"Los Grandes Ganaderos que Conoc\\u00ed\"},{\"@type\":\"WebPage\",\"@id\":\"https:\/\/isabeefmasters.com\/store\/product\/los-grandes-ganaderos-que-conoci\/#webpage\",\"url\":\"https:\/\/isabeefmasters.com\/store\/product\/los-grandes-ganaderos-que-conoci\/\",\"name\":\"Los Grandes Ganaderos Que Conoc\\u00ed - Isa Beefmasters\",\"isPartOf\":{\"@id\":\"https:\/\/isabeefmasters.com\/store\/#website\"},\"primaryImageOfPage\":{\"@id\":\"https:\/\/isabeefmasters.com\/store\/product\/los-grandes-ganaderos-que-conoci\/#primaryimage\"},\"datePublished\":\"2022-11-17T19:18:18+00:00\",\"dateModified\":\"2024-12-04T00:03:46+00:00\",\"breadcrumb\":{\"@id\":\"https:\/\/isabeefmasters.com\/store\/product\/los-grandes-ganaderos-que-conoci\/#breadcrumb\"},\"inLanguage\":\"en-US\",\"potentialAction\":[{\"@type\":\"ReadAction\",\"target\":[\"https:\/\/isabeefmasters.com\/store\/product\/los-grandes-ganaderos-que-conoci\/\"]}]},{\"@type\":\"BreadcrumbList\",\"@id\":\"https:\/\/isabeefmasters.com\/store\/product\/los-grandes-ganaderos-que-conoci\/#breadcrumb\",\"itemListElement\":[{\"@type\":\"ListItem\",\"position\":1,\"name\":\"Home\",\"item\":\"https:\/\/isabeefmasters.com\/store\/home\/\"},{\"@type\":\"ListItem\",\"position\":2,\"name\":\"Shop\",\"item\":\"https:\/\/isabeefmasters.com\/store\/shop\/\"},{\"@type\":\"ListItem\",\"position\":3,\"name\":\"Los Grandes Ganaderos Que Conoc\\u00ed\"}]}]}<\/script>\n<!-- \/ Yoast SEO plugin. -->","yoast_head_json":{"title":"Los Grandes Ganaderos Que Conoc\u00ed - Isa Beefmasters","robots":{"index":"index","follow":"follow","max-snippet":"max-snippet:-1","max-image-preview":"max-image-preview:large","max-video-preview":"max-video-preview:-1"},"canonical":"https:\/\/isabeefmasters.com\/store\/product\/los-grandes-ganaderos-que-conoci\/","og_locale":"en_US","og_type":"article","og_title":"Los Grandes Ganaderos Que Conoc\u00ed - Isa Beefmasters","og_description":"por Laurence M. Lasater Traducido por Sergio Riveron  Nacido en el seno de dos grandes dinast\u00edas ganaderas, Laurence Lasater a penas pudo calzarse las botas vaqueras supo muy bien cu\u00e1l era du destino. Siendo el mayor de los hijos de Tom y Mary Lasater, fundadores de la raza Beefmaster, apenas pudo dejo el rancho familiar de Colorado y estableci\u00f3 su propia operaci\u00f3n ganadera Beefmaster en M\u00e9xico y m\u00e1s tarde en Texas.  A lo largo de sus cincuenta a\u00f1os de carrera, Laurence Lasater viaj\u00f3 por muchos pa\u00edses, conoci\u00f3 a cientos de ganaderos, recorri\u00f3 sus ranchos y operaciones ganaderas y aprendi\u00f3 de sus historias particulares. Muchos de esos ganaderos hicieron significativos aportes a la industria ganadera mundial y dejaron una gran huella en la vida del propio Laurence.  \u201cLos grandes ganaderos que conoc\u00ed\u201d son cr\u00f3nicas que develan los \u00e9xitos y desventuras de veinte de estos \u00edconos de la ganader\u00eda. A trav\u00e9s de fotos e historias colectadas a lo largo de su vida, este libro va a preservar un legado para que las generaciones futuras conozcan quienes fueron los ganaderos que recorrieron los mismos caminos que ellos recorreran.  eBook\u201484 photos","og_url":"https:\/\/isabeefmasters.com\/store\/product\/los-grandes-ganaderos-que-conoci\/","og_site_name":"Isa Beefmasters","article_modified_time":"2024-12-04T00:03:46+00:00","og_image":[{"width":687,"height":1030,"url":"https:\/\/isabeefmasters.com\/store\/wp-content\/uploads\/2022\/11\/Ganaderos-687x1030.jpg","type":"image\/jpeg"}],"twitter_card":"summary_large_image","schema":{"@context":"https:\/\/schema.org","@graph":[{"@type":"WebSite","@id":"https:\/\/isabeefmasters.com\/store\/#website","url":"https:\/\/isabeefmasters.com\/store\/","name":"Isa Beefmasters","description":"Promoting Beefmasters worldwide since 1964","potentialAction":[{"@type":"SearchAction","target":{"@type":"EntryPoint","urlTemplate":"https:\/\/isabeefmasters.com\/store\/?s={search_term_string}"},"query-input":"required name=search_term_string"}],"inLanguage":"en-US"},{"@type":"ImageObject","@id":"https:\/\/isabeefmasters.com\/store\/product\/los-grandes-ganaderos-que-conoci\/#primaryimage","inLanguage":"en-US","url":"https:\/\/isabeefmasters.com\/store\/wp-content\/uploads\/2022\/11\/Ganaderos-scaled.jpg","contentUrl":"https:\/\/isabeefmasters.com\/store\/wp-content\/uploads\/2022\/11\/Ganaderos-scaled.jpg","width":1707,"height":2560,"caption":"Los Grandes Ganaderos que Conoc\u00ed"},{"@type":"WebPage","@id":"https:\/\/isabeefmasters.com\/store\/product\/los-grandes-ganaderos-que-conoci\/#webpage","url":"https:\/\/isabeefmasters.com\/store\/product\/los-grandes-ganaderos-que-conoci\/","name":"Los Grandes Ganaderos Que Conoc\u00ed - Isa Beefmasters","isPartOf":{"@id":"https:\/\/isabeefmasters.com\/store\/#website"},"primaryImageOfPage":{"@id":"https:\/\/isabeefmasters.com\/store\/product\/los-grandes-ganaderos-que-conoci\/#primaryimage"},"datePublished":"2022-11-17T19:18:18+00:00","dateModified":"2024-12-04T00:03:46+00:00","breadcrumb":{"@id":"https:\/\/isabeefmasters.com\/store\/product\/los-grandes-ganaderos-que-conoci\/#breadcrumb"},"inLanguage":"en-US","potentialAction":[{"@type":"ReadAction","target":["https:\/\/isabeefmasters.com\/store\/product\/los-grandes-ganaderos-que-conoci\/"]}]},{"@type":"BreadcrumbList","@id":"https:\/\/isabeefmasters.com\/store\/product\/los-grandes-ganaderos-que-conoci\/#breadcrumb","itemListElement":[{"@type":"ListItem","position":1,"name":"Home","item":"https:\/\/isabeefmasters.com\/store\/home\/"},{"@type":"ListItem","position":2,"name":"Shop","item":"https:\/\/isabeefmasters.com\/store\/shop\/"},{"@type":"ListItem","position":3,"name":"Los Grandes Ganaderos Que Conoc\u00ed"}]}]}},"_links":{"self":[{"href":"https:\/\/isabeefmasters.com\/store\/wp-json\/wp\/v2\/product\/1870"}],"collection":[{"href":"https:\/\/isabeefmasters.com\/store\/wp-json\/wp\/v2\/product"}],"about":[{"href":"https:\/\/isabeefmasters.com\/store\/wp-json\/wp\/v2\/types\/product"}],"replies":[{"embeddable":true,"href":"https:\/\/isabeefmasters.com\/store\/wp-json\/wp\/v2\/comments?post=1870"}],"wp:featuredmedia":[{"embeddable":true,"href":"https:\/\/isabeefmasters.com\/store\/wp-json\/wp\/v2\/media\/1873"}],"wp:attachment":[{"href":"https:\/\/isabeefmasters.com\/store\/wp-json\/wp\/v2\/media?parent=1870"}],"wp:term":[{"taxonomy":"product_cat","embeddable":true,"href":"https:\/\/isabeefmasters.com\/store\/wp-json\/wp\/v2\/product_cat?post=1870"},{"taxonomy":"product_tag","embeddable":true,"href":"https:\/\/isabeefmasters.com\/store\/wp-json\/wp\/v2\/product_tag?post=1870"}],"curies":[{"name":"wp","href":"https:\/\/api.w.org\/{rel}","templated":true}]}}