{"id":1146,"date":"2021-01-28T18:54:26","date_gmt":"2021-01-28T18:54:26","guid":{"rendered":"https:\/\/isabeefmasters.com\/store\/?post_type=product&#038;p=1146"},"modified":"2024-12-04T00:03:46","modified_gmt":"2024-12-04T00:03:46","slug":"la-filosofia-lasater-de-la-cria-vacunaspanish-edition-book","status":"publish","type":"product","link":"https:\/\/isabeefmasters.com\/store\/product\/la-filosofia-lasater-de-la-cria-vacunaspanish-edition-book\/","title":{"rendered":"La Filosofia Lasater de la Cria Vacuna"},"content":{"rendered":"","protected":false},"excerpt":{"rendered":"<p>por Laurence M. Lasater<br \/>\nEditor y traductor\u2014Marcos Gim\u00e9nez Zapiola<\/p>\n<p>Laurie Lasater, como hijo de Tom Lasater, escribio este libro. Tom Lasater es una leyenda en el negocio de la ganaderia, reconocido por su manejo ecol\u00f3gico del ganado, mucho antes de que la palabra \u201cecol\u00f3gico\u201d deviniera mundialmente popular. <em>La Filosofia Lasater De La Cria Vacuna<\/em>\u00a0esta considerado uno de los libros m\u00e1s prominentes sobre selecci\u00f3n gen\u00e9tica y manejo de ranchos ganaderos.<\/p>\n<p>Los estilos van y vienen, pero los conceptos de Tom Lasater perduran en el tiempo. La continua presencia de estos conceptos nos hace distinguir entre los nuevos hechos e ideas, y nos ayudan a comprender cuales son los fundamentos de nuestra ganaderia.<\/p>\n<p>Esta edici\u00f3n contiene una Segunda Parte donde se reflejan todos los escritos y conversaciones de Laurie Lasater, que nos ayudan a enfrentar muchos de los actuales retos que enfreta la ganaderia actual.<\/p>\n<p><em>Tercera Edici\u00f3n\u2014Paperback\u2014118 pages\u20146\u00d79\u201d\u201435 photos<br \/>\no eBook<\/em><\/p>\n","protected":false},"featured_media":2129,"comment_status":"open","ping_status":"closed","template":"","meta":[],"product_cat":[33,34,20],"product_tag":[],"yoast_head":"<!-- This site is optimized with the Yoast SEO plugin v17.8 - https:\/\/yoast.com\/wordpress\/plugins\/seo\/ -->\n<title>La Filosofia Lasater de la Cria Vacuna - Isa Beefmasters<\/title>\n<meta name=\"robots\" content=\"index, follow, max-snippet:-1, max-image-preview:large, max-video-preview:-1\" \/>\n<link rel=\"canonical\" href=\"https:\/\/isabeefmasters.com\/store\/product\/la-filosofia-lasater-de-la-cria-vacunaspanish-edition-book\/\" \/>\n<meta property=\"og:locale\" content=\"en_US\" \/>\n<meta property=\"og:type\" content=\"article\" \/>\n<meta property=\"og:title\" content=\"La Filosofia Lasater de la Cria Vacuna - Isa Beefmasters\" \/>\n<meta property=\"og:description\" content=\"por Laurence M. Lasater Editor y traductor\u2014Marcos Gim\u00e9nez Zapiola  Laurie Lasater, como hijo de Tom Lasater, escribio este libro. Tom Lasater es una leyenda en el negocio de la ganaderia, reconocido por su manejo ecol\u00f3gico del ganado, mucho antes de que la palabra \u201cecol\u00f3gico\u201d deviniera mundialmente popular. La Filosofia Lasater De La Cria Vacuna\u00a0esta considerado uno de los libros m\u00e1s prominentes sobre selecci\u00f3n gen\u00e9tica y manejo de ranchos ganaderos.  Los estilos van y vienen, pero los conceptos de Tom Lasater perduran en el tiempo. La continua presencia de estos conceptos nos hace distinguir entre los nuevos hechos e ideas, y nos ayudan a comprender cuales son los fundamentos de nuestra ganaderia.  Esta edici\u00f3n contiene una Segunda Parte donde se reflejan todos los escritos y conversaciones de Laurie Lasater, que nos ayudan a enfrentar muchos de los actuales retos que enfreta la ganaderia actual.  Tercera Edici\u00f3n\u2014Paperback\u2014118 pages\u20146\u00d79\u201d\u201435 photos o eBook\" \/>\n<meta property=\"og:url\" content=\"https:\/\/isabeefmasters.com\/store\/product\/la-filosofia-lasater-de-la-cria-vacunaspanish-edition-book\/\" \/>\n<meta property=\"og:site_name\" content=\"Isa Beefmasters\" \/>\n<meta property=\"article:modified_time\" content=\"2024-12-04T00:03:46+00:00\" \/>\n<meta property=\"og:image\" content=\"https:\/\/isabeefmasters.com\/store\/wp-content\/uploads\/2021\/01\/books-LasaterPhilSp-688x1030.jpg\" \/>\n\t<meta property=\"og:image:width\" content=\"688\" \/>\n\t<meta property=\"og:image:height\" content=\"1030\" \/>\n<meta name=\"twitter:card\" content=\"summary_large_image\" \/>\n<script type=\"application\/ld+json\" class=\"yoast-schema-graph\">{\"@context\":\"https:\/\/schema.org\",\"@graph\":[{\"@type\":\"WebSite\",\"@id\":\"https:\/\/isabeefmasters.com\/store\/#website\",\"url\":\"https:\/\/isabeefmasters.com\/store\/\",\"name\":\"Isa Beefmasters\",\"description\":\"Promoting Beefmasters worldwide since 1964\",\"potentialAction\":[{\"@type\":\"SearchAction\",\"target\":{\"@type\":\"EntryPoint\",\"urlTemplate\":\"https:\/\/isabeefmasters.com\/store\/?s={search_term_string}\"},\"query-input\":\"required name=search_term_string\"}],\"inLanguage\":\"en-US\"},{\"@type\":\"ImageObject\",\"@id\":\"https:\/\/isabeefmasters.com\/store\/product\/la-filosofia-lasater-de-la-cria-vacunaspanish-edition-book\/#primaryimage\",\"inLanguage\":\"en-US\",\"url\":\"https:\/\/isabeefmasters.com\/store\/wp-content\/uploads\/2021\/01\/books-LasaterPhilSp-scaled.jpg\",\"contentUrl\":\"https:\/\/isabeefmasters.com\/store\/wp-content\/uploads\/2021\/01\/books-LasaterPhilSp-scaled.jpg\",\"width\":1709,\"height\":2560},{\"@type\":\"WebPage\",\"@id\":\"https:\/\/isabeefmasters.com\/store\/product\/la-filosofia-lasater-de-la-cria-vacunaspanish-edition-book\/#webpage\",\"url\":\"https:\/\/isabeefmasters.com\/store\/product\/la-filosofia-lasater-de-la-cria-vacunaspanish-edition-book\/\",\"name\":\"La Filosofia Lasater de la Cria Vacuna - Isa Beefmasters\",\"isPartOf\":{\"@id\":\"https:\/\/isabeefmasters.com\/store\/#website\"},\"primaryImageOfPage\":{\"@id\":\"https:\/\/isabeefmasters.com\/store\/product\/la-filosofia-lasater-de-la-cria-vacunaspanish-edition-book\/#primaryimage\"},\"datePublished\":\"2021-01-28T18:54:26+00:00\",\"dateModified\":\"2024-12-04T00:03:46+00:00\",\"breadcrumb\":{\"@id\":\"https:\/\/isabeefmasters.com\/store\/product\/la-filosofia-lasater-de-la-cria-vacunaspanish-edition-book\/#breadcrumb\"},\"inLanguage\":\"en-US\",\"potentialAction\":[{\"@type\":\"ReadAction\",\"target\":[\"https:\/\/isabeefmasters.com\/store\/product\/la-filosofia-lasater-de-la-cria-vacunaspanish-edition-book\/\"]}]},{\"@type\":\"BreadcrumbList\",\"@id\":\"https:\/\/isabeefmasters.com\/store\/product\/la-filosofia-lasater-de-la-cria-vacunaspanish-edition-book\/#breadcrumb\",\"itemListElement\":[{\"@type\":\"ListItem\",\"position\":1,\"name\":\"Home\",\"item\":\"https:\/\/isabeefmasters.com\/store\/home\/\"},{\"@type\":\"ListItem\",\"position\":2,\"name\":\"Shop\",\"item\":\"https:\/\/isabeefmasters.com\/store\/shop\/\"},{\"@type\":\"ListItem\",\"position\":3,\"name\":\"La Filosofia Lasater de la Cria Vacuna\"}]}]}<\/script>\n<!-- \/ Yoast SEO plugin. -->","yoast_head_json":{"title":"La Filosofia Lasater de la Cria Vacuna - Isa Beefmasters","robots":{"index":"index","follow":"follow","max-snippet":"max-snippet:-1","max-image-preview":"max-image-preview:large","max-video-preview":"max-video-preview:-1"},"canonical":"https:\/\/isabeefmasters.com\/store\/product\/la-filosofia-lasater-de-la-cria-vacunaspanish-edition-book\/","og_locale":"en_US","og_type":"article","og_title":"La Filosofia Lasater de la Cria Vacuna - Isa Beefmasters","og_description":"por Laurence M. Lasater Editor y traductor\u2014Marcos Gim\u00e9nez Zapiola  Laurie Lasater, como hijo de Tom Lasater, escribio este libro. Tom Lasater es una leyenda en el negocio de la ganaderia, reconocido por su manejo ecol\u00f3gico del ganado, mucho antes de que la palabra \u201cecol\u00f3gico\u201d deviniera mundialmente popular. La Filosofia Lasater De La Cria Vacuna\u00a0esta considerado uno de los libros m\u00e1s prominentes sobre selecci\u00f3n gen\u00e9tica y manejo de ranchos ganaderos.  Los estilos van y vienen, pero los conceptos de Tom Lasater perduran en el tiempo. La continua presencia de estos conceptos nos hace distinguir entre los nuevos hechos e ideas, y nos ayudan a comprender cuales son los fundamentos de nuestra ganaderia.  Esta edici\u00f3n contiene una Segunda Parte donde se reflejan todos los escritos y conversaciones de Laurie Lasater, que nos ayudan a enfrentar muchos de los actuales retos que enfreta la ganaderia actual.  Tercera Edici\u00f3n\u2014Paperback\u2014118 pages\u20146\u00d79\u201d\u201435 photos o eBook","og_url":"https:\/\/isabeefmasters.com\/store\/product\/la-filosofia-lasater-de-la-cria-vacunaspanish-edition-book\/","og_site_name":"Isa Beefmasters","article_modified_time":"2024-12-04T00:03:46+00:00","og_image":[{"width":688,"height":1030,"url":"https:\/\/isabeefmasters.com\/store\/wp-content\/uploads\/2021\/01\/books-LasaterPhilSp-688x1030.jpg","type":"image\/jpeg"}],"twitter_card":"summary_large_image","schema":{"@context":"https:\/\/schema.org","@graph":[{"@type":"WebSite","@id":"https:\/\/isabeefmasters.com\/store\/#website","url":"https:\/\/isabeefmasters.com\/store\/","name":"Isa Beefmasters","description":"Promoting Beefmasters worldwide since 1964","potentialAction":[{"@type":"SearchAction","target":{"@type":"EntryPoint","urlTemplate":"https:\/\/isabeefmasters.com\/store\/?s={search_term_string}"},"query-input":"required name=search_term_string"}],"inLanguage":"en-US"},{"@type":"ImageObject","@id":"https:\/\/isabeefmasters.com\/store\/product\/la-filosofia-lasater-de-la-cria-vacunaspanish-edition-book\/#primaryimage","inLanguage":"en-US","url":"https:\/\/isabeefmasters.com\/store\/wp-content\/uploads\/2021\/01\/books-LasaterPhilSp-scaled.jpg","contentUrl":"https:\/\/isabeefmasters.com\/store\/wp-content\/uploads\/2021\/01\/books-LasaterPhilSp-scaled.jpg","width":1709,"height":2560},{"@type":"WebPage","@id":"https:\/\/isabeefmasters.com\/store\/product\/la-filosofia-lasater-de-la-cria-vacunaspanish-edition-book\/#webpage","url":"https:\/\/isabeefmasters.com\/store\/product\/la-filosofia-lasater-de-la-cria-vacunaspanish-edition-book\/","name":"La Filosofia Lasater de la Cria Vacuna - Isa Beefmasters","isPartOf":{"@id":"https:\/\/isabeefmasters.com\/store\/#website"},"primaryImageOfPage":{"@id":"https:\/\/isabeefmasters.com\/store\/product\/la-filosofia-lasater-de-la-cria-vacunaspanish-edition-book\/#primaryimage"},"datePublished":"2021-01-28T18:54:26+00:00","dateModified":"2024-12-04T00:03:46+00:00","breadcrumb":{"@id":"https:\/\/isabeefmasters.com\/store\/product\/la-filosofia-lasater-de-la-cria-vacunaspanish-edition-book\/#breadcrumb"},"inLanguage":"en-US","potentialAction":[{"@type":"ReadAction","target":["https:\/\/isabeefmasters.com\/store\/product\/la-filosofia-lasater-de-la-cria-vacunaspanish-edition-book\/"]}]},{"@type":"BreadcrumbList","@id":"https:\/\/isabeefmasters.com\/store\/product\/la-filosofia-lasater-de-la-cria-vacunaspanish-edition-book\/#breadcrumb","itemListElement":[{"@type":"ListItem","position":1,"name":"Home","item":"https:\/\/isabeefmasters.com\/store\/home\/"},{"@type":"ListItem","position":2,"name":"Shop","item":"https:\/\/isabeefmasters.com\/store\/shop\/"},{"@type":"ListItem","position":3,"name":"La Filosofia Lasater de la Cria Vacuna"}]}]}},"_links":{"self":[{"href":"https:\/\/isabeefmasters.com\/store\/wp-json\/wp\/v2\/product\/1146"}],"collection":[{"href":"https:\/\/isabeefmasters.com\/store\/wp-json\/wp\/v2\/product"}],"about":[{"href":"https:\/\/isabeefmasters.com\/store\/wp-json\/wp\/v2\/types\/product"}],"replies":[{"embeddable":true,"href":"https:\/\/isabeefmasters.com\/store\/wp-json\/wp\/v2\/comments?post=1146"}],"wp:featuredmedia":[{"embeddable":true,"href":"https:\/\/isabeefmasters.com\/store\/wp-json\/wp\/v2\/media\/2129"}],"wp:attachment":[{"href":"https:\/\/isabeefmasters.com\/store\/wp-json\/wp\/v2\/media?parent=1146"}],"wp:term":[{"taxonomy":"product_cat","embeddable":true,"href":"https:\/\/isabeefmasters.com\/store\/wp-json\/wp\/v2\/product_cat?post=1146"},{"taxonomy":"product_tag","embeddable":true,"href":"https:\/\/isabeefmasters.com\/store\/wp-json\/wp\/v2\/product_tag?post=1146"}],"curies":[{"name":"wp","href":"https:\/\/api.w.org\/{rel}","templated":true}]}}